{"id":748,"date":"2023-01-12T09:52:34","date_gmt":"2023-01-12T14:52:34","guid":{"rendered":"https:\/\/fhclm.ca\/votre-fondation\/"},"modified":"2025-05-07T15:34:35","modified_gmt":"2025-05-07T19:34:35","slug":"your-foundation","status":"publish","type":"page","link":"https:\/\/fhclm.ca\/en\/your-foundation\/","title":{"rendered":"Your Foundation"},"content":{"rendered":"\t\t<div data-elementor-type=\"wp-page\" data-elementor-id=\"748\" class=\"elementor elementor-748 elementor-105\" data-elementor-post-type=\"page\">\n\t\t\t\t<div class=\"elementor-element elementor-element-a42e198 cont-w cont-hide e-flex e-con-boxed e-con e-parent\" data-id=\"a42e198\" data-element_type=\"container\" data-e-type=\"container\" data-settings=\"{&quot;background_background&quot;:&quot;classic&quot;}\" affichageheader=\"WithImage\">\n\t\t\t\t\t<div class=\"e-con-inner\">\n\t\t\t\t<div class=\"elementor-element elementor-element-02fc9a0 elementor-widget elementor-widget-heading\" data-id=\"02fc9a0\" data-element_type=\"widget\" data-e-type=\"widget\" data-widget_type=\"heading.default\">\n\t\t\t\t<div class=\"elementor-widget-container\">\n\t\t\t\t\t<h1 class=\"elementor-heading-title elementor-size-default\">Your Foundation<\/h1>\t\t\t\t<\/div>\n\t\t\t\t<\/div>\n\t\t\t\t<div class=\"elementor-element elementor-element-85a58e4 elementor-hidden-mobile elementor-widget elementor-widget-text-editor\" data-id=\"85a58e4\" data-element_type=\"widget\" data-e-type=\"widget\" data-widget_type=\"text-editor.default\">\n\t\t\t\t<div class=\"elementor-widget-container\">\n\t\t\t\t\t\t\t\t\t<p>Faire vivre la cause au quotidien, \u00e7a prend toute une \u00e9quipe! Employ\u00e9s, b\u00e9n\u00e9voles, porte-paroles, donateurs, nous y mettons tout notre c\u0153ur et toute notre \u00e9nergie depuis 60 ans. D\u00e9couvrez qui nous sommes.<\/p>\n\t\t\t\t\t\t\t\t<\/div>\n\t\t\t\t<\/div>\n\t\t\t\t<div class=\"elementor-element elementor-element-0fcd151 elementor-widget elementor-widget-shortcode\" data-id=\"0fcd151\" data-element_type=\"widget\" data-e-type=\"widget\" data-widget_type=\"shortcode.default\">\n\t\t\t\t<div class=\"elementor-widget-container\">\n\t\t\t\t\t\t\t<div class=\"elementor-shortcode\"><nav aria-label=\"breadcrumbs\" class=\"rank-math-breadcrumb\"><p><span class=\"last\">Home<\/span><\/p><\/nav><\/div>\n\t\t\t\t\t\t<\/div>\n\t\t\t\t<\/div>\n\t\t\t\t<div class=\"elementor-element elementor-element-dc45f8a elementor-absolute elementor-widget elementor-widget-image\" data-id=\"dc45f8a\" data-element_type=\"widget\" data-e-type=\"widget\" data-settings=\"{&quot;_position&quot;:&quot;absolute&quot;}\" data-widget_type=\"image.default\">\n\t\t\t\t<div class=\"elementor-widget-container\">\n\t\t\t\t\t\t\t\t\t\t\t\t\t\t\t<img fetchpriority=\"high\" decoding=\"async\" width=\"600\" height=\"600\" src=\"https:\/\/fhclm.ca\/wp-content\/uploads\/2022\/12\/l-shape-blue.svg\" class=\"attachment-full size-full wp-image-575\" alt=\"\" \/>\t\t\t\t\t\t\t\t\t\t\t\t\t\t\t<\/div>\n\t\t\t\t<\/div>\n\t\t\t\t<div class=\"elementor-element elementor-element-b1864cc elementor-absolute elementor-hidden-mobile elementor-widget elementor-widget-image\" data-id=\"b1864cc\" data-element_type=\"widget\" data-e-type=\"widget\" data-settings=\"{&quot;_position&quot;:&quot;absolute&quot;}\" data-widget_type=\"image.default\">\n\t\t\t\t<div class=\"elementor-widget-container\">\n\t\t\t\t\t\t\t\t\t\t\t\t\t\t\t<img decoding=\"async\" width=\"526\" height=\"526\" src=\"https:\/\/fhclm.ca\/wp-content\/uploads\/2023\/01\/plus-large-aqua.svg\" class=\"attachment-full size-full wp-image-77\" alt=\"\" \/>\t\t\t\t\t\t\t\t\t\t\t\t\t\t\t<\/div>\n\t\t\t\t<\/div>\n\t\t\t\t\t<\/div>\n\t\t\t\t<\/div>\n\t\t<div class=\"elementor-element elementor-element-9e3f2a4 cont-w pad-e e-flex e-con-boxed e-con e-parent\" data-id=\"9e3f2a4\" data-element_type=\"container\" data-e-type=\"container\">\n\t\t\t\t\t<div class=\"e-con-inner\">\n\t\t<div class=\"elementor-element elementor-element-6a6a36cf e-con-full e-flex e-con e-child\" data-id=\"6a6a36cf\" data-element_type=\"container\" data-e-type=\"container\" data-settings=\"{&quot;background_background&quot;:&quot;classic&quot;}\">\n\t\t<div class=\"elementor-element elementor-element-1dc9c76 e-flex e-con-boxed e-con e-child\" data-id=\"1dc9c76\" data-element_type=\"container\" data-e-type=\"container\">\n\t\t\t\t\t<div class=\"e-con-inner\">\n\t\t\t\t<div class=\"elementor-element elementor-element-4bea6c48 elementor-widget__width-inherit elementor-widget elementor-widget-image\" data-id=\"4bea6c48\" data-element_type=\"widget\" data-e-type=\"widget\" data-widget_type=\"image.default\">\n\t\t\t\t<div class=\"elementor-widget-container\">\n\t\t\t\t\t\t\t\t\t\t\t\t\t\t\t<img decoding=\"async\" width=\"768\" height=\"432\" src=\"https:\/\/fhclm.ca\/wp-content\/uploads\/2023\/02\/HeaderPage_InfVentilation-768x432.webp\" class=\"attachment-medium_large size-medium_large wp-image-721\" alt=\"\" srcset=\"https:\/\/fhclm.ca\/wp-content\/uploads\/2023\/02\/HeaderPage_InfVentilation-768x432.webp 768w, https:\/\/fhclm.ca\/wp-content\/uploads\/2023\/02\/HeaderPage_InfVentilation-300x169.webp 300w, https:\/\/fhclm.ca\/wp-content\/uploads\/2023\/02\/HeaderPage_InfVentilation-1024x576.webp 1024w, https:\/\/fhclm.ca\/wp-content\/uploads\/2023\/02\/HeaderPage_InfVentilation-1536x864.webp 1536w, https:\/\/fhclm.ca\/wp-content\/uploads\/2023\/02\/HeaderPage_InfVentilation.webp 1920w\" sizes=\"(max-width: 768px) 100vw, 768px\" \/>\t\t\t\t\t\t\t\t\t\t\t\t\t\t\t<\/div>\n\t\t\t\t<\/div>\n\t\t<div class=\"elementor-element elementor-element-20438bdd e-con-full e-flex e-con e-child\" data-id=\"20438bdd\" data-element_type=\"container\" data-e-type=\"container\">\n\t\t\t\t<div class=\"elementor-element elementor-element-1f809e99 elementor-widget elementor-widget-heading\" data-id=\"1f809e99\" data-element_type=\"widget\" data-e-type=\"widget\" data-widget_type=\"heading.default\">\n\t\t\t\t<div class=\"elementor-widget-container\">\n\t\t\t\t\t<h3 class=\"elementor-heading-title elementor-size-default\">In the headlines<\/h3>\t\t\t\t<\/div>\n\t\t\t\t<\/div>\n\t\t\t\t<div class=\"elementor-element elementor-element-72aac96a elementor-widget elementor-widget-text-editor\" data-id=\"72aac96a\" data-element_type=\"widget\" data-e-type=\"widget\" data-widget_type=\"text-editor.default\">\n\t\t\t\t<div class=\"elementor-widget-container\">\n\t\t\t\t\t\t\t\t\t<p>Keep up to date on our latest news here!<\/p>\n\t\t\t\t\t\t\t\t<\/div>\n\t\t\t\t<\/div>\n\t\t\t\t<\/div>\n\t\t\t\t\t<\/div>\n\t\t\t\t<\/div>\n\t\t\t\t<div class=\"elementor-element elementor-element-3d0429f2 elementor-align-center elementor-widget__width-inherit elementor-widget elementor-widget-button\" data-id=\"3d0429f2\" data-element_type=\"widget\" data-e-type=\"widget\" data-widget_type=\"button.default\">\n\t\t\t\t<div class=\"elementor-widget-container\">\n\t\t\t\t\t\t\t\t\t<div class=\"elementor-button-wrapper\">\n\t\t\t\t\t<a class=\"elementor-button elementor-button-link elementor-size-sm\" href=\"https:\/\/fhclm.ca\/en\/your-foundation\/in-the-headlines\/\">\n\t\t\t\t\t\t<span class=\"elementor-button-content-wrapper\">\n\t\t\t\t\t\t\t\t\t<span class=\"elementor-button-text\">Learn more <\/span>\n\t\t\t\t\t<\/span>\n\t\t\t\t\t<\/a>\n\t\t\t\t<\/div>\n\t\t\t\t\t\t\t\t<\/div>\n\t\t\t\t<\/div>\n\t\t\t\t<\/div>\n\t\t<div class=\"elementor-element elementor-element-210a9f5f e-con-full e-flex e-con e-child\" data-id=\"210a9f5f\" data-element_type=\"container\" data-e-type=\"container\" data-settings=\"{&quot;background_background&quot;:&quot;classic&quot;}\">\n\t\t<div class=\"elementor-element elementor-element-7ebe2da7 e-flex e-con-boxed e-con e-child\" data-id=\"7ebe2da7\" data-element_type=\"container\" data-e-type=\"container\">\n\t\t\t\t\t<div class=\"e-con-inner\">\n\t\t\t\t<div class=\"elementor-element elementor-element-16d44a20 elementor-widget__width-inherit elementor-widget elementor-widget-image\" data-id=\"16d44a20\" data-element_type=\"widget\" data-e-type=\"widget\" data-widget_type=\"image.default\">\n\t\t\t\t<div class=\"elementor-widget-container\">\n\t\t\t\t\t\t\t\t\t\t\t\t\t\t\t<img loading=\"lazy\" decoding=\"async\" width=\"768\" height=\"432\" src=\"https:\/\/fhclm.ca\/wp-content\/uploads\/2023\/02\/HeaderPage_Ambulance-768x432.webp\" class=\"attachment-medium_large size-medium_large wp-image-709\" alt=\"\" srcset=\"https:\/\/fhclm.ca\/wp-content\/uploads\/2023\/02\/HeaderPage_Ambulance-768x432.webp 768w, https:\/\/fhclm.ca\/wp-content\/uploads\/2023\/02\/HeaderPage_Ambulance-300x169.webp 300w, https:\/\/fhclm.ca\/wp-content\/uploads\/2023\/02\/HeaderPage_Ambulance-1024x576.webp 1024w, https:\/\/fhclm.ca\/wp-content\/uploads\/2023\/02\/HeaderPage_Ambulance-1536x864.webp 1536w, https:\/\/fhclm.ca\/wp-content\/uploads\/2023\/02\/HeaderPage_Ambulance.webp 1920w\" sizes=\"(max-width: 768px) 100vw, 768px\" \/>\t\t\t\t\t\t\t\t\t\t\t\t\t\t\t<\/div>\n\t\t\t\t<\/div>\n\t\t<div class=\"elementor-element elementor-element-f7e8b64 e-con-full e-flex e-con e-child\" data-id=\"f7e8b64\" data-element_type=\"container\" data-e-type=\"container\">\n\t\t\t\t<div class=\"elementor-element elementor-element-5fa7eba0 elementor-widget elementor-widget-heading\" data-id=\"5fa7eba0\" data-element_type=\"widget\" data-e-type=\"widget\" data-widget_type=\"heading.default\">\n\t\t\t\t<div class=\"elementor-widget-container\">\n\t\t\t\t\t<h3 class=\"elementor-heading-title elementor-size-default\">The heart of the action<\/h3>\t\t\t\t<\/div>\n\t\t\t\t<\/div>\n\t\t\t\t<div class=\"elementor-element elementor-element-15d36d6 elementor-widget elementor-widget-text-editor\" data-id=\"15d36d6\" data-element_type=\"widget\" data-e-type=\"widget\" data-widget_type=\"text-editor.default\">\n\t\t\t\t<div class=\"elementor-widget-container\">\n\t\t\t\t\t\t\t\t\t<p>Main dans la main avec vous, l\u2019\u00e9quipe de la Fondation travaille pour b\u00e2tir un syst\u00e8me de sant\u00e9 en sant\u00e9! <\/p>\n\t\t\t\t\t\t\t\t<\/div>\n\t\t\t\t<\/div>\n\t\t\t\t<\/div>\n\t\t\t\t\t<\/div>\n\t\t\t\t<\/div>\n\t\t\t\t<div class=\"elementor-element elementor-element-3aaf0e30 elementor-align-center elementor-widget__width-inherit elementor-widget elementor-widget-button\" data-id=\"3aaf0e30\" data-element_type=\"widget\" data-e-type=\"widget\" data-widget_type=\"button.default\">\n\t\t\t\t<div class=\"elementor-widget-container\">\n\t\t\t\t\t\t\t\t\t<div class=\"elementor-button-wrapper\">\n\t\t\t\t\t<a class=\"elementor-button elementor-button-link elementor-size-sm\" href=\"https:\/\/fhclm.ca\/en\/your-foundation\/the-heart-of-the-action\/\">\n\t\t\t\t\t\t<span class=\"elementor-button-content-wrapper\">\n\t\t\t\t\t\t\t\t\t<span class=\"elementor-button-text\">Learn more <\/span>\n\t\t\t\t\t<\/span>\n\t\t\t\t\t<\/a>\n\t\t\t\t<\/div>\n\t\t\t\t\t\t\t\t<\/div>\n\t\t\t\t<\/div>\n\t\t\t\t<\/div>\n\t\t<div class=\"elementor-element elementor-element-5cd811b2 e-con-full e-flex e-con e-child\" data-id=\"5cd811b2\" data-element_type=\"container\" data-e-type=\"container\" data-settings=\"{&quot;background_background&quot;:&quot;classic&quot;}\">\n\t\t<div class=\"elementor-element elementor-element-47796c4e e-flex e-con-boxed e-con e-child\" data-id=\"47796c4e\" data-element_type=\"container\" data-e-type=\"container\">\n\t\t\t\t\t<div class=\"e-con-inner\">\n\t\t\t\t<div class=\"elementor-element elementor-element-4bbebac6 elementor-widget__width-inherit elementor-widget elementor-widget-image\" data-id=\"4bbebac6\" data-element_type=\"widget\" data-e-type=\"widget\" data-widget_type=\"image.default\">\n\t\t\t\t<div class=\"elementor-widget-container\">\n\t\t\t\t\t\t\t\t\t\t\t\t\t\t\t<img loading=\"lazy\" decoding=\"async\" width=\"768\" height=\"432\" src=\"https:\/\/fhclm.ca\/wp-content\/uploads\/2023\/01\/HeaderPage_Mains-768x432.webp\" class=\"attachment-medium_large size-medium_large wp-image-617\" alt=\"\" srcset=\"https:\/\/fhclm.ca\/wp-content\/uploads\/2023\/01\/HeaderPage_Mains-768x432.webp 768w, https:\/\/fhclm.ca\/wp-content\/uploads\/2023\/01\/HeaderPage_Mains-300x169.webp 300w, https:\/\/fhclm.ca\/wp-content\/uploads\/2023\/01\/HeaderPage_Mains-1024x576.webp 1024w, https:\/\/fhclm.ca\/wp-content\/uploads\/2023\/01\/HeaderPage_Mains-1536x864.webp 1536w, https:\/\/fhclm.ca\/wp-content\/uploads\/2023\/01\/HeaderPage_Mains.webp 1920w\" sizes=\"(max-width: 768px) 100vw, 768px\" \/>\t\t\t\t\t\t\t\t\t\t\t\t\t\t\t<\/div>\n\t\t\t\t<\/div>\n\t\t<div class=\"elementor-element elementor-element-6dbf1c24 e-con-full e-flex e-con e-child\" data-id=\"6dbf1c24\" data-element_type=\"container\" data-e-type=\"container\">\n\t\t\t\t<div class=\"elementor-element elementor-element-27e4a6fb elementor-widget elementor-widget-heading\" data-id=\"27e4a6fb\" data-element_type=\"widget\" data-e-type=\"widget\" data-widget_type=\"heading.default\">\n\t\t\t\t<div class=\"elementor-widget-container\">\n\t\t\t\t\t<h3 class=\"elementor-heading-title elementor-size-default\">60 years of generosity<\/h3>\t\t\t\t<\/div>\n\t\t\t\t<\/div>\n\t\t\t\t<div class=\"elementor-element elementor-element-598231b1 elementor-widget elementor-widget-text-editor\" data-id=\"598231b1\" data-element_type=\"widget\" data-e-type=\"widget\" data-widget_type=\"text-editor.default\">\n\t\t\t\t<div class=\"elementor-widget-container\">\n\t\t\t\t\t\t\t\t\t<p>Serving the cause, and serving you! The Foundation is there to help you honour your commitment to the health of your community.<\/p>\n\t\t\t\t\t\t\t\t<\/div>\n\t\t\t\t<\/div>\n\t\t\t\t<\/div>\n\t\t\t\t\t<\/div>\n\t\t\t\t<\/div>\n\t\t\t\t<div class=\"elementor-element elementor-element-3f89f7e1 elementor-align-center elementor-widget__width-inherit elementor-widget elementor-widget-button\" data-id=\"3f89f7e1\" data-element_type=\"widget\" data-e-type=\"widget\" data-widget_type=\"button.default\">\n\t\t\t\t<div class=\"elementor-widget-container\">\n\t\t\t\t\t\t\t\t\t<div class=\"elementor-button-wrapper\">\n\t\t\t\t\t<a class=\"elementor-button elementor-button-link elementor-size-sm\" href=\"https:\/\/fhclm.ca\/en\/your-foundation\/60-years-of-generosity\/\">\n\t\t\t\t\t\t<span class=\"elementor-button-content-wrapper\">\n\t\t\t\t\t\t\t\t\t<span class=\"elementor-button-text\">Learn more <\/span>\n\t\t\t\t\t<\/span>\n\t\t\t\t\t<\/a>\n\t\t\t\t<\/div>\n\t\t\t\t\t\t\t\t<\/div>\n\t\t\t\t<\/div>\n\t\t\t\t<\/div>\n\t\t<div class=\"elementor-element elementor-element-3f3ff506 e-con-full e-flex e-con e-child\" data-id=\"3f3ff506\" data-element_type=\"container\" data-e-type=\"container\" data-settings=\"{&quot;background_background&quot;:&quot;classic&quot;}\">\n\t\t<div class=\"elementor-element elementor-element-30f92af4 e-flex e-con-boxed e-con e-child\" data-id=\"30f92af4\" data-element_type=\"container\" data-e-type=\"container\">\n\t\t\t\t\t<div class=\"e-con-inner\">\n\t\t\t\t<div class=\"elementor-element elementor-element-46d42a45 elementor-widget__width-inherit elementor-widget elementor-widget-image\" data-id=\"46d42a45\" data-element_type=\"widget\" data-e-type=\"widget\" data-widget_type=\"image.default\">\n\t\t\t\t<div class=\"elementor-widget-container\">\n\t\t\t\t\t\t\t\t\t\t\t\t\t\t\t<img loading=\"lazy\" decoding=\"async\" width=\"768\" height=\"432\" src=\"https:\/\/fhclm.ca\/wp-content\/uploads\/2023\/02\/HeaderPage_jBoudreau-768x432.webp\" class=\"attachment-medium_large size-medium_large wp-image-700\" alt=\"\" srcset=\"https:\/\/fhclm.ca\/wp-content\/uploads\/2023\/02\/HeaderPage_jBoudreau-768x432.webp 768w, https:\/\/fhclm.ca\/wp-content\/uploads\/2023\/02\/HeaderPage_jBoudreau-300x169.webp 300w, https:\/\/fhclm.ca\/wp-content\/uploads\/2023\/02\/HeaderPage_jBoudreau-1024x576.webp 1024w, https:\/\/fhclm.ca\/wp-content\/uploads\/2023\/02\/HeaderPage_jBoudreau-1536x864.webp 1536w, https:\/\/fhclm.ca\/wp-content\/uploads\/2023\/02\/HeaderPage_jBoudreau.webp 1920w\" sizes=\"(max-width: 768px) 100vw, 768px\" \/>\t\t\t\t\t\t\t\t\t\t\t\t\t\t\t<\/div>\n\t\t\t\t<\/div>\n\t\t<div class=\"elementor-element elementor-element-3f79f45f e-con-full e-flex e-con e-child\" data-id=\"3f79f45f\" data-element_type=\"container\" data-e-type=\"container\">\n\t\t\t\t<div class=\"elementor-element elementor-element-22acf8d9 elementor-widget elementor-widget-heading\" data-id=\"22acf8d9\" data-element_type=\"widget\" data-e-type=\"widget\" data-widget_type=\"heading.default\">\n\t\t\t\t<div class=\"elementor-widget-container\">\n\t\t\t\t\t<h3 class=\"elementor-heading-title elementor-size-default\">Spokespersons<\/h3>\t\t\t\t<\/div>\n\t\t\t\t<\/div>\n\t\t\t\t<div class=\"elementor-element elementor-element-22e70485 elementor-widget elementor-widget-text-editor\" data-id=\"22e70485\" data-element_type=\"widget\" data-e-type=\"widget\" data-widget_type=\"text-editor.default\">\n\t\t\t\t<div class=\"elementor-widget-container\">\n\t\t\t\t\t\t\t\t\t<p>The Foundation counts on the support of several spokespersons. We thank them for lending their voices to the cause!<\/p>\n\t\t\t\t\t\t\t\t<\/div>\n\t\t\t\t<\/div>\n\t\t\t\t<\/div>\n\t\t\t\t\t<\/div>\n\t\t\t\t<\/div>\n\t\t\t\t<div class=\"elementor-element elementor-element-5d223d64 elementor-align-center elementor-widget__width-inherit elementor-widget elementor-widget-button\" data-id=\"5d223d64\" data-element_type=\"widget\" data-e-type=\"widget\" data-widget_type=\"button.default\">\n\t\t\t\t<div class=\"elementor-widget-container\">\n\t\t\t\t\t\t\t\t\t<div class=\"elementor-button-wrapper\">\n\t\t\t\t\t<a class=\"elementor-button elementor-button-link elementor-size-sm\" href=\"https:\/\/fhclm.ca\/en\/your-foundation\/spokespersons\/\">\n\t\t\t\t\t\t<span class=\"elementor-button-content-wrapper\">\n\t\t\t\t\t\t\t\t\t<span class=\"elementor-button-text\">Learn more <\/span>\n\t\t\t\t\t<\/span>\n\t\t\t\t\t<\/a>\n\t\t\t\t<\/div>\n\t\t\t\t\t\t\t\t<\/div>\n\t\t\t\t<\/div>\n\t\t\t\t<\/div>\n\t\t<div class=\"elementor-element elementor-element-0a8d33c e-con-full e-flex e-con e-child\" data-id=\"0a8d33c\" data-element_type=\"container\" data-e-type=\"container\" data-settings=\"{&quot;background_background&quot;:&quot;classic&quot;}\">\n\t\t<div class=\"elementor-element elementor-element-1ef26cf e-flex e-con-boxed e-con e-child\" data-id=\"1ef26cf\" data-element_type=\"container\" data-e-type=\"container\">\n\t\t\t\t\t<div class=\"e-con-inner\">\n\t\t\t\t<div class=\"elementor-element elementor-element-012dbe2 elementor-widget__width-inherit elementor-widget elementor-widget-image\" data-id=\"012dbe2\" data-element_type=\"widget\" data-e-type=\"widget\" data-widget_type=\"image.default\">\n\t\t\t\t<div class=\"elementor-widget-container\">\n\t\t\t\t\t\t\t\t\t\t\t\t\t\t\t<img loading=\"lazy\" decoding=\"async\" width=\"768\" height=\"432\" src=\"https:\/\/fhclm.ca\/wp-content\/uploads\/2023\/02\/HeaderPage_EntreeHopital-768x432.webp\" class=\"attachment-medium_large size-medium_large wp-image-683\" alt=\"\" srcset=\"https:\/\/fhclm.ca\/wp-content\/uploads\/2023\/02\/HeaderPage_EntreeHopital-768x432.webp 768w, https:\/\/fhclm.ca\/wp-content\/uploads\/2023\/02\/HeaderPage_EntreeHopital-300x169.webp 300w, https:\/\/fhclm.ca\/wp-content\/uploads\/2023\/02\/HeaderPage_EntreeHopital-1024x576.webp 1024w, https:\/\/fhclm.ca\/wp-content\/uploads\/2023\/02\/HeaderPage_EntreeHopital-1536x864.webp 1536w, https:\/\/fhclm.ca\/wp-content\/uploads\/2023\/02\/HeaderPage_EntreeHopital.webp 1920w\" sizes=\"(max-width: 768px) 100vw, 768px\" \/>\t\t\t\t\t\t\t\t\t\t\t\t\t\t\t<\/div>\n\t\t\t\t<\/div>\n\t\t<div class=\"elementor-element elementor-element-9d12250 e-con-full e-flex e-con e-child\" data-id=\"9d12250\" data-element_type=\"container\" data-e-type=\"container\">\n\t\t\t\t<div class=\"elementor-element elementor-element-3b01074 elementor-widget elementor-widget-heading\" data-id=\"3b01074\" data-element_type=\"widget\" data-e-type=\"widget\" data-widget_type=\"heading.default\">\n\t\t\t\t<div class=\"elementor-widget-container\">\n\t\t\t\t\t<h3 class=\"elementor-heading-title elementor-size-default\">Contact us<\/h3>\t\t\t\t<\/div>\n\t\t\t\t<\/div>\n\t\t\t\t<div class=\"elementor-element elementor-element-d53f68e elementor-widget elementor-widget-text-editor\" data-id=\"d53f68e\" data-element_type=\"widget\" data-e-type=\"widget\" data-widget_type=\"text-editor.default\">\n\t\t\t\t<div class=\"elementor-widget-container\">\n\t\t\t\t\t\t\t\t\t<p>To make a donation, learn more about your impact or get involved, contact us! We\u2019ll be pleased to help you.<\/p>\n\t\t\t\t\t\t\t\t<\/div>\n\t\t\t\t<\/div>\n\t\t\t\t<\/div>\n\t\t\t\t\t<\/div>\n\t\t\t\t<\/div>\n\t\t\t\t<div class=\"elementor-element elementor-element-943c9ef elementor-align-center elementor-widget__width-inherit elementor-widget elementor-widget-button\" data-id=\"943c9ef\" data-element_type=\"widget\" data-e-type=\"widget\" data-widget_type=\"button.default\">\n\t\t\t\t<div class=\"elementor-widget-container\">\n\t\t\t\t\t\t\t\t\t<div class=\"elementor-button-wrapper\">\n\t\t\t\t\t<a class=\"elementor-button elementor-button-link elementor-size-sm\" href=\"https:\/\/fhclm.ca\/en\/your-foundation\/contact-us\/\">\n\t\t\t\t\t\t<span class=\"elementor-button-content-wrapper\">\n\t\t\t\t\t\t\t\t\t<span class=\"elementor-button-text\">Learn more <\/span>\n\t\t\t\t\t<\/span>\n\t\t\t\t\t<\/a>\n\t\t\t\t<\/div>\n\t\t\t\t\t\t\t\t<\/div>\n\t\t\t\t<\/div>\n\t\t\t\t<\/div>\n\t\t\t\t\t<\/div>\n\t\t\t\t<\/div>\n\t\t<div class=\"elementor-element elementor-element-56a29a3 e-con-full e-flex e-con e-parent\" data-id=\"56a29a3\" data-element_type=\"container\" data-e-type=\"container\">\n\t\t\t\t<div class=\"elementor-element elementor-element-216e89a elementor-widget elementor-widget-template\" data-id=\"216e89a\" data-element_type=\"widget\" data-e-type=\"widget\" data-widget_type=\"template.default\">\n\t\t\t\t<div class=\"elementor-widget-container\">\n\t\t\t\t\t\t\t<div class=\"elementor-template\">\n\t\t\t\t\t<div data-elementor-type=\"container\" data-elementor-id=\"913\" class=\"elementor elementor-913 elementor-127 elementor-127\" data-elementor-post-type=\"elementor_library\">\n\t\t\t\t<div class=\"elementor-element elementor-element-35306fbf cont-w cont-hide e-flex e-con-boxed e-con e-parent\" data-id=\"35306fbf\" data-element_type=\"container\" data-e-type=\"container\" data-settings='{\"background_background\":\"classic\"}'>\n\t\t\t\t\t<div class=\"e-con-inner\">\n\t\t<div class=\"elementor-element elementor-element-66d8aef2 e-flex e-con-boxed e-con e-child\" data-id=\"66d8aef2\" data-element_type=\"container\" data-e-type=\"container\">\n\t\t\t\t\t<div class=\"e-con-inner\">\n\t\t\t\t<div class=\"elementor-element elementor-element-64d7e7e4 elementor-widget elementor-widget-heading\" data-id=\"64d7e7e4\" data-element_type=\"widget\" data-e-type=\"widget\" data-widget_type=\"heading.default\">\n\t\t\t\t<div class=\"elementor-widget-container\">\n\t\t\t\t\t<h2 class=\"elementor-heading-title elementor-size-default\">Je veux en savoir <i aria-hidden=\"true\" class=\"fhclm fhclm-plus\"><\/i> sur mon impact.<\/h2>\t\t\t\t<\/div>\n\t\t\t\t<\/div>\n\t\t\t\t<div class=\"elementor-element elementor-element-403ac5e elementor-align-center jedv-enabled--yes elementor-widget elementor-widget-button\" data-id=\"403ac5e\" data-element_type=\"widget\" data-e-type=\"widget\" data-widget_type=\"button.default\">\n\t\t\t\t<div class=\"elementor-widget-container\">\n\t\t\t\t\t\t\t\t\t<div class=\"elementor-button-wrapper\">\n\t\t\t\t\t<a class=\"elementor-button elementor-button-link elementor-size-sm\" href=\"https:\/\/fhclm.ca\/en\/take-action\/make-a-donation\/#don\">\n\t\t\t\t\t\t<span class=\"elementor-button-content-wrapper\">\n\t\t\t\t\t\t\t\t\t<span class=\"elementor-button-text\">Je vais \u00e0 la rencontre des patients<\/span>\n\t\t\t\t\t<\/span>\n\t\t\t\t\t<\/a>\n\t\t\t\t<\/div>\n\t\t\t\t\t\t\t\t<\/div>\n\t\t\t\t<\/div>\n\t\t\t\t\t<\/div>\n\t\t\t\t<\/div>\n\t\t\t\t<div class=\"elementor-element elementor-element-26d28154 elementor-absolute e-transform elementor-widget elementor-widget-image\" data-id=\"26d28154\" data-element_type=\"widget\" data-e-type=\"widget\" data-settings='{\"_position\":\"absolute\",\"_transform_flipX_effect\":\"transform\"}' data-widget_type=\"image.default\">\n\t\t\t\t<div class=\"elementor-widget-container\">\n\t\t\t\t\t\t\t\t\t\t\t\t\t\t\t<img loading=\"lazy\" decoding=\"async\" width=\"600\" height=\"600\" src=\"https:\/\/fhclm.ca\/wp-content\/uploads\/2022\/12\/l-shape-blue.svg\" class=\"attachment-full size-full wp-image-575\" alt=\"\">\t\t\t\t\t\t\t\t\t\t\t\t\t\t\t<\/div>\n\t\t\t\t<\/div>\n\t\t\t\t<div class=\"elementor-element elementor-element-3bcc788 elementor-absolute elementor-widget elementor-widget-image\" data-id=\"3bcc788\" data-element_type=\"widget\" data-e-type=\"widget\" data-settings='{\"_position\":\"absolute\"}' data-widget_type=\"image.default\">\n\t\t\t\t<div class=\"elementor-widget-container\">\n\t\t\t\t\t\t\t\t\t\t\t\t\t\t\t<img loading=\"lazy\" decoding=\"async\" width=\"526\" height=\"526\" src=\"https:\/\/fhclm.ca\/wp-content\/uploads\/2023\/01\/plus-large-green.svg\" class=\"attachment-full size-full wp-image-588\" alt=\"\">\t\t\t\t\t\t\t\t\t\t\t\t\t\t\t<\/div>\n\t\t\t\t<\/div>\n\t\t\t\t\t<\/div>\n\t\t\t\t<\/div>\n\t\t\t\t<\/div>\n\t\t\t\t<\/div>\n\t\t\t\t\t\t<\/div>\n\t\t\t\t<\/div>\n\t\t\t\t<\/div>\n\t\t\t\t<\/div>\n\t\t","protected":false},"excerpt":{"rendered":"<p>In the headlines Keep up to date on our latest news here! Learn more The heart of the action Main dans la main avec vous, l\u2019\u00e9quipe de la Fondation travaille pour b\u00e2tir un syst\u00e8me de sant\u00e9 en sant\u00e9! Learn more 60 years of generosity Serving the cause, and serving you! The Foundation is there to [&hellip;]<\/p>\n","protected":false},"author":1,"featured_media":4073,"parent":0,"menu_order":0,"comment_status":"closed","ping_status":"closed","template":"elementor_header_footer","meta":{"content-type":"","footnotes":""},"class_list":["post-748","page","type-page","status-publish","has-post-thumbnail","hentry"],"_links":{"self":[{"href":"https:\/\/fhclm.ca\/en\/wp-json\/wp\/v2\/pages\/748","targetHints":{"allow":["GET"]}}],"collection":[{"href":"https:\/\/fhclm.ca\/en\/wp-json\/wp\/v2\/pages"}],"about":[{"href":"https:\/\/fhclm.ca\/en\/wp-json\/wp\/v2\/types\/page"}],"author":[{"embeddable":true,"href":"https:\/\/fhclm.ca\/en\/wp-json\/wp\/v2\/users\/1"}],"replies":[{"embeddable":true,"href":"https:\/\/fhclm.ca\/en\/wp-json\/wp\/v2\/comments?post=748"}],"version-history":[{"count":0,"href":"https:\/\/fhclm.ca\/en\/wp-json\/wp\/v2\/pages\/748\/revisions"}],"wp:featuredmedia":[{"embeddable":true,"href":"https:\/\/fhclm.ca\/en\/wp-json\/wp\/v2\/media\/4073"}],"wp:attachment":[{"href":"https:\/\/fhclm.ca\/en\/wp-json\/wp\/v2\/media?parent=748"}],"curies":[{"name":"wp","href":"https:\/\/api.w.org\/{rel}","templated":true}]}}